{"id":1694,"date":"2025-08-12T09:33:33","date_gmt":"2025-08-12T07:33:33","guid":{"rendered":"https:\/\/ederhias.at\/kaernten\/?page_id=1694"},"modified":"2025-08-13T09:37:00","modified_gmt":"2025-08-13T07:37:00","slug":"slow-food","status":"publish","type":"page","link":"https:\/\/ederhias.at\/kaernten\/slow-food\/","title":{"rendered":"Slow Food Fr\u00fchst\u00fcck"},"content":{"rendered":"\t\t<div data-elementor-type=\"wp-page\" data-elementor-id=\"1694\" class=\"elementor elementor-1694\" data-elementor-post-type=\"page\">\n\t\t\t\t<div class=\"elementor-element elementor-element-3d38788 e-con-full e-flex e-con e-parent\" data-id=\"3d38788\" data-element_type=\"container\" data-e-type=\"container\" data-settings=\"{&quot;background_background&quot;:&quot;classic&quot;}\">\n\t\t<div class=\"elementor-element elementor-element-19de35c e-con-full e-flex e-con e-child\" data-id=\"19de35c\" data-element_type=\"container\" data-e-type=\"container\">\n\t\t\t\t<div class=\"elementor-element elementor-element-0211b8f elementor-widget elementor-widget-heading\" data-id=\"0211b8f\" data-element_type=\"widget\" data-e-type=\"widget\" data-widget_type=\"heading.default\">\n\t\t\t\t\t<h2 class=\"elementor-heading-title elementor-size-default\">Slow Food Fr\u00fchst\u00fcck<\/h2>\t\t\t\t<\/div>\n\t\t\t\t<div class=\"elementor-element elementor-element-92dd6ca elementor-widget elementor-widget-text-editor\" data-id=\"92dd6ca\" data-element_type=\"widget\" data-e-type=\"widget\" data-widget_type=\"text-editor.default\">\n\t\t\t\t\t\t\t\t\t<p>Ein Slow Food Fr\u00fchst\u00fcck bei uns ist mehr als nur ein Start in den Tag \u2013 es ist ein St\u00fcck gelebte Regionalit\u00e4t und Naturverbundenheit. Der feine Geschmack unserer Bio-Wiesenmilch, gewonnen von den Lesachtaler Bergh\u00e4ngen und artenreichen Naturwiesen, erz\u00e4hlt von frischen Bergkr\u00e4utern, saftigen Gr\u00e4sern und duftenden Wiesenbl\u00fcten. Zehn Milchk\u00fche teilen sich rund 10 ha unber\u00fchrte Bergweiden und liefern so in liebevoller, biologischer Haltung h\u00f6chste Milchqualit\u00e4t.<br data-start=\"558\" data-end=\"561\" \/>Diesen nat\u00fcrlichen Reichtum m\u00f6chten wir Ihnen bei einem genussvollen Slow Food Fr\u00fchst\u00fcck n\u00e4herbringen: eine ergiebige St\u00e4rkung an unserem reichhaltigen Buffet, gef\u00fcllt mit \u00fcberwiegend selbsterzeugten Produkten \u2013 ehrlich, frisch und mit ganz viel Herz.<\/p>\t\t\t\t\t\t\t\t<\/div>\n\t\t<div class=\"elementor-element elementor-element-8961902 e-con-full e-flex e-con e-child\" data-id=\"8961902\" data-element_type=\"container\" data-e-type=\"container\">\n\t\t\t\t<div class=\"elementor-element elementor-element-08efa06 elementor-widget elementor-widget-image\" data-id=\"08efa06\" data-element_type=\"widget\" data-e-type=\"widget\" data-widget_type=\"image.default\">\n\t\t\t\t\t\t\t\t\t\t\t\t\t\t\t<img fetchpriority=\"high\" decoding=\"async\" width=\"1024\" height=\"683\" src=\"https:\/\/ederhias.at\/kaernten\/wp-content\/uploads\/2025\/08\/ederhias-slow-food-fruehstueck-low-7-1024x683.jpg\" class=\"attachment-large size-large wp-image-1742\" alt=\"Ederhias Slow Food Fr\u00fchst\u00fcck\" srcset=\"https:\/\/ederhias.at\/kaernten\/wp-content\/uploads\/2025\/08\/ederhias-slow-food-fruehstueck-low-7-1024x683.jpg 1024w, https:\/\/ederhias.at\/kaernten\/wp-content\/uploads\/2025\/08\/ederhias-slow-food-fruehstueck-low-7-300x200.jpg 300w, https:\/\/ederhias.at\/kaernten\/wp-content\/uploads\/2025\/08\/ederhias-slow-food-fruehstueck-low-7-768x512.jpg 768w, https:\/\/ederhias.at\/kaernten\/wp-content\/uploads\/2025\/08\/ederhias-slow-food-fruehstueck-low-7-1536x1024.jpg 1536w, https:\/\/ederhias.at\/kaernten\/wp-content\/uploads\/2025\/08\/ederhias-slow-food-fruehstueck-low-7-2048x1365.jpg 2048w\" sizes=\"(max-width: 1024px) 100vw, 1024px\" \/>\t\t\t\t\t\t\t\t\t\t\t\t\t\t\t<\/div>\n\t\t\t\t<\/div>\n\t\t\t\t<\/div>\n\t\t<div class=\"elementor-element elementor-element-6630a91 e-con-full e-flex e-con e-child\" data-id=\"6630a91\" data-element_type=\"container\" data-e-type=\"container\">\n\t\t<div class=\"elementor-element elementor-element-97cc3e3 e-con-full e-flex e-con e-child\" data-id=\"97cc3e3\" data-element_type=\"container\" data-e-type=\"container\">\n\t\t\t\t<div class=\"elementor-element elementor-element-229acbf elementor-widget elementor-widget-image\" data-id=\"229acbf\" data-element_type=\"widget\" data-e-type=\"widget\" data-widget_type=\"image.default\">\n\t\t\t\t\t\t\t\t\t\t\t\t\t\t\t<img decoding=\"async\" width=\"1024\" height=\"683\" src=\"https:\/\/ederhias.at\/kaernten\/wp-content\/uploads\/2025\/08\/ederhias-slow-food-fruehstueck-low-6-1024x683.jpg\" class=\"attachment-large size-large wp-image-1738\" alt=\"Slow-Food Fr\u00fchst\u00fcck\" srcset=\"https:\/\/ederhias.at\/kaernten\/wp-content\/uploads\/2025\/08\/ederhias-slow-food-fruehstueck-low-6-1024x683.jpg 1024w, https:\/\/ederhias.at\/kaernten\/wp-content\/uploads\/2025\/08\/ederhias-slow-food-fruehstueck-low-6-300x200.jpg 300w, https:\/\/ederhias.at\/kaernten\/wp-content\/uploads\/2025\/08\/ederhias-slow-food-fruehstueck-low-6-768x512.jpg 768w, https:\/\/ederhias.at\/kaernten\/wp-content\/uploads\/2025\/08\/ederhias-slow-food-fruehstueck-low-6-1536x1024.jpg 1536w, https:\/\/ederhias.at\/kaernten\/wp-content\/uploads\/2025\/08\/ederhias-slow-food-fruehstueck-low-6-2048x1365.jpg 2048w\" sizes=\"(max-width: 1024px) 100vw, 1024px\" \/>\t\t\t\t\t\t\t\t\t\t\t\t\t\t\t<\/div>\n\t\t\t\t<\/div>\n\t\t\t\t<\/div>\n\t\t\t\t<\/div>\n\t\t<div class=\"elementor-element elementor-element-887b9d5 e-con-full e-flex e-con e-parent\" data-id=\"887b9d5\" data-element_type=\"container\" data-e-type=\"container\">\n\t\t\t\t<div class=\"elementor-element elementor-element-4c11c43 elementor-widget elementor-widget-html\" data-id=\"4c11c43\" data-element_type=\"widget\" data-e-type=\"widget\" data-widget_type=\"html.default\">\n\t\t\t\t\t<script> window.dw = window.dw || function () { (dw.q = dw.q || []).push(arguments); }; dw(\"settings\", \"c3faabed-b491-4482-926f-fe995151cf2e\", { lang: \"de\", profileOverrides: [ \"teaser=false\",   ], context: { targetRoute: [ \"\/experiences\/KTN\/5826eb84-5053-44b7-b667-21ca073b60b6\", \"\/erlebnisse\/KTN\/5826eb84-5053-44b7-b667-21ca073b60b6\", \"\/esperienze\/KTN\/5826eb84-5053-44b7-b667-21ca073b60b6\" ] } });<\/script><script async src=\"https:\/\/web5.deskline.net\/start\/ACCOKTN\/c3faabed-b491-4482-926f-fe995151cf2e\/index.js\"><\/script>\t\t\t\t<\/div>\n\t\t\t\t<\/div>\n\t\t\t\t<\/div>\n\t\t","protected":false},"excerpt":{"rendered":"<p>Slow Food Fr\u00fchst\u00fcck Ein Slow Food Fr\u00fchst\u00fcck bei uns ist mehr als nur ein Start in den Tag \u2013 es ist ein St\u00fcck gelebte Regionalit\u00e4t und Naturverbundenheit. Der feine Geschmack unserer Bio-Wiesenmilch, gewonnen von den Lesachtaler Bergh\u00e4ngen und artenreichen Naturwiesen, erz\u00e4hlt von frischen Bergkr\u00e4utern, saftigen Gr\u00e4sern und duftenden Wiesenbl\u00fcten. Zehn Milchk\u00fche teilen sich rund 10 [&hellip;]<\/p>\n","protected":false},"author":3,"featured_media":0,"parent":0,"menu_order":0,"comment_status":"closed","ping_status":"closed","template":"","meta":{"site-sidebar-layout":"no-sidebar","site-content-layout":"page-builder","ast-site-content-layout":"full-width-container","site-content-style":"default","site-sidebar-style":"default","ast-global-header-display":"","ast-banner-title-visibility":"","ast-main-header-display":"","ast-hfb-above-header-display":"","ast-hfb-below-header-display":"","ast-hfb-mobile-header-display":"","site-post-title":"disabled","ast-breadcrumbs-content":"","ast-featured-img":"disabled","footer-sml-layout":"","ast-disable-related-posts":"","theme-transparent-header-meta":"","adv-header-id-meta":"","stick-header-meta":"","header-above-stick-meta":"","header-main-stick-meta":"","header-below-stick-meta":"","astra-migrate-meta-layouts":"set","ast-page-background-enabled":"default","ast-page-background-meta":{"desktop":{"background-color":"","background-image":"","background-repeat":"repeat","background-position":"center center","background-size":"auto","background-attachment":"scroll","background-type":"","background-media":"","overlay-type":"","overlay-color":"","overlay-opacity":"","overlay-gradient":""},"tablet":{"background-color":"","background-image":"","background-repeat":"repeat","background-position":"center center","background-size":"auto","background-attachment":"scroll","background-type":"","background-media":"","overlay-type":"","overlay-color":"","overlay-opacity":"","overlay-gradient":""},"mobile":{"background-color":"","background-image":"","background-repeat":"repeat","background-position":"center center","background-size":"auto","background-attachment":"scroll","background-type":"","background-media":"","overlay-type":"","overlay-color":"","overlay-opacity":"","overlay-gradient":""}},"ast-content-background-meta":{"desktop":{"background-color":"var(--ast-global-color-5)","background-image":"","background-repeat":"repeat","background-position":"center center","background-size":"auto","background-attachment":"scroll","background-type":"","background-media":"","overlay-type":"","overlay-color":"","overlay-opacity":"","overlay-gradient":""},"tablet":{"background-color":"var(--ast-global-color-5)","background-image":"","background-repeat":"repeat","background-position":"center center","background-size":"auto","background-attachment":"scroll","background-type":"","background-media":"","overlay-type":"","overlay-color":"","overlay-opacity":"","overlay-gradient":""},"mobile":{"background-color":"var(--ast-global-color-5)","background-image":"","background-repeat":"repeat","background-position":"center center","background-size":"auto","background-attachment":"scroll","background-type":"","background-media":"","overlay-type":"","overlay-color":"","overlay-opacity":"","overlay-gradient":""}},"footnotes":""},"class_list":["post-1694","page","type-page","status-publish","hentry"],"_links":{"self":[{"href":"https:\/\/ederhias.at\/kaernten\/wp-json\/wp\/v2\/pages\/1694","targetHints":{"allow":["GET"]}}],"collection":[{"href":"https:\/\/ederhias.at\/kaernten\/wp-json\/wp\/v2\/pages"}],"about":[{"href":"https:\/\/ederhias.at\/kaernten\/wp-json\/wp\/v2\/types\/page"}],"author":[{"embeddable":true,"href":"https:\/\/ederhias.at\/kaernten\/wp-json\/wp\/v2\/users\/3"}],"replies":[{"embeddable":true,"href":"https:\/\/ederhias.at\/kaernten\/wp-json\/wp\/v2\/comments?post=1694"}],"version-history":[{"count":34,"href":"https:\/\/ederhias.at\/kaernten\/wp-json\/wp\/v2\/pages\/1694\/revisions"}],"predecessor-version":[{"id":1753,"href":"https:\/\/ederhias.at\/kaernten\/wp-json\/wp\/v2\/pages\/1694\/revisions\/1753"}],"wp:attachment":[{"href":"https:\/\/ederhias.at\/kaernten\/wp-json\/wp\/v2\/media?parent=1694"}],"curies":[{"name":"wp","href":"https:\/\/api.w.org\/{rel}","templated":true}]}}