{"id":1711,"date":"2025-08-12T09:55:37","date_gmt":"2025-08-12T07:55:37","guid":{"rendered":"https:\/\/ederhias.at\/kaernten\/?page_id=1711"},"modified":"2025-08-13T09:45:21","modified_gmt":"2025-08-13T07:45:21","slug":"sommer-der-geschmack-von-bio-wiesenmilch","status":"publish","type":"page","link":"https:\/\/ederhias.at\/kaernten\/sommer-der-geschmack-von-bio-wiesenmilch\/","title":{"rendered":"Sommer | Der Geschmack von Bio-Wiesenmilch"},"content":{"rendered":"\t\t<div data-elementor-type=\"wp-page\" data-elementor-id=\"1711\" class=\"elementor elementor-1711\" data-elementor-post-type=\"page\">\n\t\t\t\t<div class=\"elementor-element elementor-element-14e8bea e-con-full e-flex e-con e-parent\" data-id=\"14e8bea\" data-element_type=\"container\" data-e-type=\"container\" data-settings=\"{&quot;background_background&quot;:&quot;classic&quot;}\">\n\t\t<div class=\"elementor-element elementor-element-c76a398 e-con-full e-flex e-con e-child\" data-id=\"c76a398\" data-element_type=\"container\" data-e-type=\"container\">\n\t\t\t\t<div class=\"elementor-element elementor-element-968767f elementor-widget elementor-widget-spacer\" data-id=\"968767f\" data-element_type=\"widget\" data-e-type=\"widget\" data-widget_type=\"spacer.default\">\n\t\t\t\t\t\t\t<div class=\"elementor-spacer\">\n\t\t\t<div class=\"elementor-spacer-inner\"><\/div>\n\t\t<\/div>\n\t\t\t\t\t\t<\/div>\n\t\t\t\t<div class=\"elementor-element elementor-element-62d221d elementor-widget elementor-widget-heading\" data-id=\"62d221d\" data-element_type=\"widget\" data-e-type=\"widget\" data-widget_type=\"heading.default\">\n\t\t\t\t\t<h2 class=\"elementor-heading-title elementor-size-default\">Der Geschmack von Bio-Wiesenmilch<\/h2>\t\t\t\t<\/div>\n\t\t\t\t<div class=\"elementor-element elementor-element-86ed992 elementor-widget elementor-widget-text-editor\" data-id=\"86ed992\" data-element_type=\"widget\" data-e-type=\"widget\" data-widget_type=\"text-editor.default\">\n\t\t\t\t\t\t\t\t\t<p>Hoch oben auf den Lesachtaler Bergh\u00e4ngen, umgeben von w\u00fcrziger Bergluft und bl\u00fchenden Naturwiesen, entsteht unsere Bio-Wiesenmilch. Zehn K\u00fche genie\u00dfen hier auf 1100 m Seeh\u00f6he frisches Gras, aromatische Bergkr\u00e4uter und reichlich Bewegung \u2013 die Basis f\u00fcr Milch von h\u00f6chster Qualit\u00e4t und vollmundigem Geschmack. Bei uns k\u00f6nnen Sie diese besondere Herkunft erleben: vom Fr\u00fchst\u00fcck mit hofeigenen Spezialit\u00e4ten \u00fcber eine Hoff\u00fchrung bis hin zum Barfu\u00dfspaziergang \u00fcber unsere artenreichen Bergwiesen.<\/p>\t\t\t\t\t\t\t\t<\/div>\n\t\t<div class=\"elementor-element elementor-element-a3bd071 e-con-full e-flex e-con e-child\" data-id=\"a3bd071\" data-element_type=\"container\" data-e-type=\"container\">\n\t\t\t\t<div class=\"elementor-element elementor-element-1add7fc elementor-widget elementor-widget-image\" data-id=\"1add7fc\" data-element_type=\"widget\" data-e-type=\"widget\" data-widget_type=\"image.default\">\n\t\t\t\t\t\t\t\t\t\t\t\t\t\t\t<img fetchpriority=\"high\" decoding=\"async\" width=\"683\" height=\"1024\" src=\"https:\/\/ederhias.at\/kaernten\/wp-content\/uploads\/2025\/08\/ederhias-slow-food-fruehstueck-low-5-683x1024.jpg\" class=\"attachment-large size-large wp-image-1758\" alt=\"\" srcset=\"https:\/\/ederhias.at\/kaernten\/wp-content\/uploads\/2025\/08\/ederhias-slow-food-fruehstueck-low-5-683x1024.jpg 683w, https:\/\/ederhias.at\/kaernten\/wp-content\/uploads\/2025\/08\/ederhias-slow-food-fruehstueck-low-5-200x300.jpg 200w, https:\/\/ederhias.at\/kaernten\/wp-content\/uploads\/2025\/08\/ederhias-slow-food-fruehstueck-low-5-768x1152.jpg 768w, https:\/\/ederhias.at\/kaernten\/wp-content\/uploads\/2025\/08\/ederhias-slow-food-fruehstueck-low-5-1024x1536.jpg 1024w, https:\/\/ederhias.at\/kaernten\/wp-content\/uploads\/2025\/08\/ederhias-slow-food-fruehstueck-low-5-1365x2048.jpg 1365w, https:\/\/ederhias.at\/kaernten\/wp-content\/uploads\/2025\/08\/ederhias-slow-food-fruehstueck-low-5-scaled.jpg 1707w\" sizes=\"(max-width: 683px) 100vw, 683px\" \/>\t\t\t\t\t\t\t\t\t\t\t\t\t\t\t<\/div>\n\t\t\t\t<\/div>\n\t\t\t\t<\/div>\n\t\t<div class=\"elementor-element elementor-element-a703a03 e-con-full e-flex e-con e-child\" data-id=\"a703a03\" data-element_type=\"container\" data-e-type=\"container\">\n\t\t<div class=\"elementor-element elementor-element-65a77db e-con-full e-flex e-con e-child\" data-id=\"65a77db\" data-element_type=\"container\" data-e-type=\"container\">\n\t\t\t\t<div class=\"elementor-element elementor-element-f5195a6 elementor-widget elementor-widget-image\" data-id=\"f5195a6\" data-element_type=\"widget\" data-e-type=\"widget\" data-widget_type=\"image.default\">\n\t\t\t\t\t\t\t\t\t\t\t\t\t\t\t<img decoding=\"async\" width=\"683\" height=\"1024\" src=\"https:\/\/ederhias.at\/kaernten\/wp-content\/uploads\/2025\/08\/ederhias-slow-food-fruehstueck-low-11-683x1024.jpg\" class=\"attachment-large size-large wp-image-1754\" alt=\"Ederhias Slow-Food Fr\u00fchst\u00fcck drau\u00dfen\" srcset=\"https:\/\/ederhias.at\/kaernten\/wp-content\/uploads\/2025\/08\/ederhias-slow-food-fruehstueck-low-11-683x1024.jpg 683w, https:\/\/ederhias.at\/kaernten\/wp-content\/uploads\/2025\/08\/ederhias-slow-food-fruehstueck-low-11-200x300.jpg 200w, https:\/\/ederhias.at\/kaernten\/wp-content\/uploads\/2025\/08\/ederhias-slow-food-fruehstueck-low-11-768x1152.jpg 768w, https:\/\/ederhias.at\/kaernten\/wp-content\/uploads\/2025\/08\/ederhias-slow-food-fruehstueck-low-11-1024x1536.jpg 1024w, https:\/\/ederhias.at\/kaernten\/wp-content\/uploads\/2025\/08\/ederhias-slow-food-fruehstueck-low-11-1365x2048.jpg 1365w, https:\/\/ederhias.at\/kaernten\/wp-content\/uploads\/2025\/08\/ederhias-slow-food-fruehstueck-low-11-scaled.jpg 1707w\" sizes=\"(max-width: 683px) 100vw, 683px\" \/>\t\t\t\t\t\t\t\t\t\t\t\t\t\t\t<\/div>\n\t\t\t\t<\/div>\n\t\t\t\t<\/div>\n\t\t\t\t<\/div>\n\t\t<div class=\"elementor-element elementor-element-887b9d5 e-con-full e-flex e-con e-parent\" data-id=\"887b9d5\" data-element_type=\"container\" data-e-type=\"container\">\n\t\t<div class=\"elementor-element elementor-element-740ce2b e-flex e-con-boxed e-con e-child\" data-id=\"740ce2b\" data-element_type=\"container\" data-e-type=\"container\">\n\t\t\t\t\t<div class=\"e-con-inner\">\n\t\t\t\t\t<\/div>\n\t\t\t\t<\/div>\n\t\t\t\t<\/div>\n\t\t<div class=\"elementor-element elementor-element-5a5e505 e-con-full e-flex e-con e-parent\" data-id=\"5a5e505\" data-element_type=\"container\" data-e-type=\"container\">\n\t\t\t\t<div class=\"elementor-element elementor-element-adac563 elementor-widget elementor-widget-html\" data-id=\"adac563\" data-element_type=\"widget\" data-e-type=\"widget\" data-widget_type=\"html.default\">\n\t\t\t\t\t<script> window.dw = window.dw || function () { (dw.q = dw.q || []).push(arguments); }; dw(\"settings\", \"fbe9a818-9e47-4881-949b-d82fe5c9b758\", { lang: \"de\", profileOverrides: [ \"teaser=false\",   ], context: { targetRoute: [ \"\/experiences\/KTN\/46e2e035-f50f-40af-9403-6fbcf2396e2f\", \"\/erlebnisse\/KTN\/46e2e035-f50f-40af-9403-6fbcf2396e2f\", \"\/esperienze\/KTN\/46e2e035-f50f-40af-9403-6fbcf2396e2f\" ] } });<\/script><script async src=\"https:\/\/web5.deskline.net\/start\/ACCOKTN\/fbe9a818-9e47-4881-949b-d82fe5c9b758\/index.js\"><\/script>\t\t\t\t<\/div>\n\t\t\t\t<\/div>\n\t\t\t\t<\/div>\n\t\t","protected":false},"excerpt":{"rendered":"<p>Der Geschmack von Bio-Wiesenmilch Hoch oben auf den Lesachtaler Bergh\u00e4ngen, umgeben von w\u00fcrziger Bergluft und bl\u00fchenden Naturwiesen, entsteht unsere Bio-Wiesenmilch. Zehn K\u00fche genie\u00dfen hier auf 1100 m Seeh\u00f6he frisches Gras, aromatische Bergkr\u00e4uter und reichlich Bewegung \u2013 die Basis f\u00fcr Milch von h\u00f6chster Qualit\u00e4t und vollmundigem Geschmack. Bei uns k\u00f6nnen Sie diese besondere Herkunft erleben: vom [&hellip;]<\/p>\n","protected":false},"author":3,"featured_media":0,"parent":0,"menu_order":0,"comment_status":"closed","ping_status":"closed","template":"","meta":{"site-sidebar-layout":"no-sidebar","site-content-layout":"page-builder","ast-site-content-layout":"full-width-container","site-content-style":"default","site-sidebar-style":"default","ast-global-header-display":"","ast-banner-title-visibility":"","ast-main-header-display":"","ast-hfb-above-header-display":"","ast-hfb-below-header-display":"","ast-hfb-mobile-header-display":"","site-post-title":"disabled","ast-breadcrumbs-content":"","ast-featured-img":"disabled","footer-sml-layout":"","ast-disable-related-posts":"","theme-transparent-header-meta":"","adv-header-id-meta":"","stick-header-meta":"","header-above-stick-meta":"","header-main-stick-meta":"","header-below-stick-meta":"","astra-migrate-meta-layouts":"set","ast-page-background-enabled":"default","ast-page-background-meta":{"desktop":{"background-color":"","background-image":"","background-repeat":"repeat","background-position":"center center","background-size":"auto","background-attachment":"scroll","background-type":"","background-media":"","overlay-type":"","overlay-color":"","overlay-opacity":"","overlay-gradient":""},"tablet":{"background-color":"","background-image":"","background-repeat":"repeat","background-position":"center center","background-size":"auto","background-attachment":"scroll","background-type":"","background-media":"","overlay-type":"","overlay-color":"","overlay-opacity":"","overlay-gradient":""},"mobile":{"background-color":"","background-image":"","background-repeat":"repeat","background-position":"center center","background-size":"auto","background-attachment":"scroll","background-type":"","background-media":"","overlay-type":"","overlay-color":"","overlay-opacity":"","overlay-gradient":""}},"ast-content-background-meta":{"desktop":{"background-color":"var(--ast-global-color-5)","background-image":"","background-repeat":"repeat","background-position":"center center","background-size":"auto","background-attachment":"scroll","background-type":"","background-media":"","overlay-type":"","overlay-color":"","overlay-opacity":"","overlay-gradient":""},"tablet":{"background-color":"var(--ast-global-color-5)","background-image":"","background-repeat":"repeat","background-position":"center center","background-size":"auto","background-attachment":"scroll","background-type":"","background-media":"","overlay-type":"","overlay-color":"","overlay-opacity":"","overlay-gradient":""},"mobile":{"background-color":"var(--ast-global-color-5)","background-image":"","background-repeat":"repeat","background-position":"center center","background-size":"auto","background-attachment":"scroll","background-type":"","background-media":"","overlay-type":"","overlay-color":"","overlay-opacity":"","overlay-gradient":""}},"footnotes":""},"class_list":["post-1711","page","type-page","status-publish","hentry"],"_links":{"self":[{"href":"https:\/\/ederhias.at\/kaernten\/wp-json\/wp\/v2\/pages\/1711","targetHints":{"allow":["GET"]}}],"collection":[{"href":"https:\/\/ederhias.at\/kaernten\/wp-json\/wp\/v2\/pages"}],"about":[{"href":"https:\/\/ederhias.at\/kaernten\/wp-json\/wp\/v2\/types\/page"}],"author":[{"embeddable":true,"href":"https:\/\/ederhias.at\/kaernten\/wp-json\/wp\/v2\/users\/3"}],"replies":[{"embeddable":true,"href":"https:\/\/ederhias.at\/kaernten\/wp-json\/wp\/v2\/comments?post=1711"}],"version-history":[{"count":6,"href":"https:\/\/ederhias.at\/kaernten\/wp-json\/wp\/v2\/pages\/1711\/revisions"}],"predecessor-version":[{"id":1763,"href":"https:\/\/ederhias.at\/kaernten\/wp-json\/wp\/v2\/pages\/1711\/revisions\/1763"}],"wp:attachment":[{"href":"https:\/\/ederhias.at\/kaernten\/wp-json\/wp\/v2\/media?parent=1711"}],"curies":[{"name":"wp","href":"https:\/\/api.w.org\/{rel}","templated":true}]}}