{"id":1721,"date":"2025-08-12T10:00:41","date_gmt":"2025-08-12T08:00:41","guid":{"rendered":"https:\/\/ederhias.at\/kaernten\/?page_id=1721"},"modified":"2025-08-13T10:05:27","modified_gmt":"2025-08-13T08:05:27","slug":"sommer-der-geschmack-von-bio-wiesenmilch-2","status":"publish","type":"page","link":"https:\/\/ederhias.at\/kaernten\/sommer-der-geschmack-von-bio-wiesenmilch-2\/","title":{"rendered":"Winter | Der Geschmack von Bio-Wiesenmilch"},"content":{"rendered":"\t\t<div data-elementor-type=\"wp-page\" data-elementor-id=\"1721\" class=\"elementor elementor-1721\" data-elementor-post-type=\"page\">\n\t\t\t\t<div class=\"elementor-element elementor-element-6949497 e-con-full e-flex e-con e-parent\" data-id=\"6949497\" data-element_type=\"container\" data-e-type=\"container\" data-settings=\"{&quot;background_background&quot;:&quot;classic&quot;}\">\n\t\t<div class=\"elementor-element elementor-element-2b9cde5 e-con-full e-flex e-con e-child\" data-id=\"2b9cde5\" data-element_type=\"container\" data-e-type=\"container\">\n\t\t\t\t<div class=\"elementor-element elementor-element-52bb2b8 elementor-widget elementor-widget-spacer\" data-id=\"52bb2b8\" data-element_type=\"widget\" data-e-type=\"widget\" data-widget_type=\"spacer.default\">\n\t\t\t\t\t\t\t<div class=\"elementor-spacer\">\n\t\t\t<div class=\"elementor-spacer-inner\"><\/div>\n\t\t<\/div>\n\t\t\t\t\t\t<\/div>\n\t\t\t\t<div class=\"elementor-element elementor-element-37e38a9 elementor-widget elementor-widget-heading\" data-id=\"37e38a9\" data-element_type=\"widget\" data-e-type=\"widget\" data-widget_type=\"heading.default\">\n\t\t\t\t\t<h2 class=\"elementor-heading-title elementor-size-default\">Der Geschmack von Bio-Wiesenmilch<\/h2>\t\t\t\t<\/div>\n\t\t\t\t<div class=\"elementor-element elementor-element-4371444 elementor-widget elementor-widget-text-editor\" data-id=\"4371444\" data-element_type=\"widget\" data-e-type=\"widget\" data-widget_type=\"text-editor.default\">\n\t\t\t\t\t\t\t\t\t<p>Hoch oben auf den Lesachtaler Bergh\u00e4ngen, umgeben von w\u00fcrziger Bergluft und bl\u00fchenden Naturwiesen, entsteht unsere Bio-Wiesenmilch. Zehn K\u00fche genie\u00dfen hier auf 1100 m Seeh\u00f6he frisches Gras, aromatische Bergkr\u00e4uter und reichlich Bewegung \u2013 die Basis f\u00fcr Milch von h\u00f6chster Qualit\u00e4t und vollmundigem Geschmack. Bei uns k\u00f6nnen Sie diese besondere Herkunft erleben: vom Fr\u00fchst\u00fcck mit hofeigenen Spezialit\u00e4ten \u00fcber eine Hoff\u00fchrung bis hin zum Barfu\u00dfspaziergang \u00fcber unsere artenreichen Bergwiesen.<\/p>\t\t\t\t\t\t\t\t<\/div>\n\t\t<div class=\"elementor-element elementor-element-65e6ea2 e-con-full e-flex e-con e-child\" data-id=\"65e6ea2\" data-element_type=\"container\" data-e-type=\"container\">\n\t\t\t\t<div class=\"elementor-element elementor-element-30bde62 elementor-widget elementor-widget-image\" data-id=\"30bde62\" data-element_type=\"widget\" data-e-type=\"widget\" data-widget_type=\"image.default\">\n\t\t\t\t\t\t\t\t\t\t\t\t\t\t\t<img fetchpriority=\"high\" decoding=\"async\" width=\"683\" height=\"1024\" src=\"https:\/\/ederhias.at\/kaernten\/wp-content\/uploads\/2025\/08\/ederhias-slow-food-fruehstueck-low-9-683x1024.jpg\" class=\"attachment-large size-large wp-image-1768\" alt=\"Ederhias Slow Food Fr\u00fchst\u00fcck\" srcset=\"https:\/\/ederhias.at\/kaernten\/wp-content\/uploads\/2025\/08\/ederhias-slow-food-fruehstueck-low-9-683x1024.jpg 683w, https:\/\/ederhias.at\/kaernten\/wp-content\/uploads\/2025\/08\/ederhias-slow-food-fruehstueck-low-9-200x300.jpg 200w, https:\/\/ederhias.at\/kaernten\/wp-content\/uploads\/2025\/08\/ederhias-slow-food-fruehstueck-low-9-768x1152.jpg 768w, https:\/\/ederhias.at\/kaernten\/wp-content\/uploads\/2025\/08\/ederhias-slow-food-fruehstueck-low-9-1024x1536.jpg 1024w, https:\/\/ederhias.at\/kaernten\/wp-content\/uploads\/2025\/08\/ederhias-slow-food-fruehstueck-low-9-1365x2048.jpg 1365w, https:\/\/ederhias.at\/kaernten\/wp-content\/uploads\/2025\/08\/ederhias-slow-food-fruehstueck-low-9-scaled.jpg 1707w\" sizes=\"(max-width: 683px) 100vw, 683px\" \/>\t\t\t\t\t\t\t\t\t\t\t\t\t\t\t<\/div>\n\t\t\t\t<\/div>\n\t\t\t\t<\/div>\n\t\t<div class=\"elementor-element elementor-element-5d64341 e-con-full e-flex e-con e-child\" data-id=\"5d64341\" data-element_type=\"container\" data-e-type=\"container\">\n\t\t<div class=\"elementor-element elementor-element-68ba1a0 e-con-full e-flex e-con e-child\" data-id=\"68ba1a0\" data-element_type=\"container\" data-e-type=\"container\">\n\t\t\t\t<div class=\"elementor-element elementor-element-2a0da03 elementor-widget elementor-widget-image\" data-id=\"2a0da03\" data-element_type=\"widget\" data-e-type=\"widget\" data-widget_type=\"image.default\">\n\t\t\t\t\t\t\t\t\t\t\t\t\t\t\t<img decoding=\"async\" width=\"683\" height=\"1024\" src=\"https:\/\/ederhias.at\/kaernten\/wp-content\/uploads\/2025\/08\/ederhias-slow-food-fruehstueck-low-3-683x1024.jpg\" class=\"attachment-large size-large wp-image-1764\" alt=\"Ederhias Slow Food Fr\u00fchst\u00fcck S\u00e4fte\" srcset=\"https:\/\/ederhias.at\/kaernten\/wp-content\/uploads\/2025\/08\/ederhias-slow-food-fruehstueck-low-3-683x1024.jpg 683w, https:\/\/ederhias.at\/kaernten\/wp-content\/uploads\/2025\/08\/ederhias-slow-food-fruehstueck-low-3-200x300.jpg 200w, https:\/\/ederhias.at\/kaernten\/wp-content\/uploads\/2025\/08\/ederhias-slow-food-fruehstueck-low-3-768x1152.jpg 768w, https:\/\/ederhias.at\/kaernten\/wp-content\/uploads\/2025\/08\/ederhias-slow-food-fruehstueck-low-3-1024x1536.jpg 1024w, https:\/\/ederhias.at\/kaernten\/wp-content\/uploads\/2025\/08\/ederhias-slow-food-fruehstueck-low-3-1365x2048.jpg 1365w, https:\/\/ederhias.at\/kaernten\/wp-content\/uploads\/2025\/08\/ederhias-slow-food-fruehstueck-low-3-scaled.jpg 1707w\" sizes=\"(max-width: 683px) 100vw, 683px\" \/>\t\t\t\t\t\t\t\t\t\t\t\t\t\t\t<\/div>\n\t\t\t\t<\/div>\n\t\t\t\t<\/div>\n\t\t\t\t<\/div>\n\t\t<div class=\"elementor-element elementor-element-887b9d5 e-con-full e-flex e-con e-parent\" data-id=\"887b9d5\" data-element_type=\"container\" data-e-type=\"container\">\n\t\t<div class=\"elementor-element elementor-element-740ce2b e-flex e-con-boxed e-con e-child\" data-id=\"740ce2b\" data-element_type=\"container\" data-e-type=\"container\">\n\t\t\t\t\t<div class=\"e-con-inner\">\n\t\t\t\t<div class=\"elementor-element elementor-element-62d221d elementor-widget elementor-widget-heading\" data-id=\"62d221d\" data-element_type=\"widget\" data-e-type=\"widget\" data-widget_type=\"heading.default\">\n\t\t\t\t\t<h2 class=\"elementor-heading-title elementor-size-default\">Der Geschmack von Bio-Wiesenmilch<\/h2>\t\t\t\t<\/div>\n\t\t\t\t<div class=\"elementor-element elementor-element-86ed992 elementor-widget elementor-widget-text-editor\" data-id=\"86ed992\" data-element_type=\"widget\" data-e-type=\"widget\" data-widget_type=\"text-editor.default\">\n\t\t\t\t\t\t\t\t\t<p>Hoch oben auf den Lesachtaler Bergh\u00e4ngen, umgeben von w\u00fcrziger Bergluft und bl\u00fchenden Naturwiesen, entsteht unsere Bio-Wiesenmilch. Zehn K\u00fche genie\u00dfen hier auf 1100 m Seeh\u00f6he frisches Gras, aromatische Bergkr\u00e4uter und reichlich Bewegung \u2013 die Basis f\u00fcr Milch von h\u00f6chster Qualit\u00e4t und vollmundigem Geschmack. Bei uns k\u00f6nnen Sie diese besondere Herkunft erleben: vom Fr\u00fchst\u00fcck mit hofeigenen Spezialit\u00e4ten \u00fcber eine Hoff\u00fchrung bis hin zum Barfu\u00dfspaziergang \u00fcber unsere artenreichen Bergwiesen.<\/p>\t\t\t\t\t\t\t\t<\/div>\n\t\t\t\t\t<\/div>\n\t\t\t\t<\/div>\n\t\t\t\t<\/div>\n\t\t<div class=\"elementor-element elementor-element-5a5e505 e-con-full e-flex e-con e-parent\" data-id=\"5a5e505\" data-element_type=\"container\" data-e-type=\"container\">\n\t\t\t\t<div class=\"elementor-element elementor-element-adac563 elementor-widget elementor-widget-html\" data-id=\"adac563\" data-element_type=\"widget\" data-e-type=\"widget\" data-widget_type=\"html.default\">\n\t\t\t\t\t<script> window.dw = window.dw || function () { (dw.q = dw.q || []).push(arguments); }; dw(\"settings\", \"fbe9a818-9e47-4881-949b-d82fe5c9b758\", { lang: \"de\", profileOverrides: [ \"teaser=false\",   ], context: { targetRoute: [ \"\/experiences\/KTN\/aa132935-fb1c-442f-ae7f-f1ffb0f320f9\", \"\/erlebnisse\/KTN\/aa132935-fb1c-442f-ae7f-f1ffb0f320f9\", \"\/esperienze\/KTN\/aa132935-fb1c-442f-ae7f-f1ffb0f320f9\" ] } });<\/script><script async src=\"https:\/\/web5.deskline.net\/start\/ACCOKTN\/fbe9a818-9e47-4881-949b-d82fe5c9b758\/index.js\"><\/script>\t\t\t\t<\/div>\n\t\t\t\t<\/div>\n\t\t\t\t<\/div>\n\t\t","protected":false},"excerpt":{"rendered":"<p>Der Geschmack von Bio-Wiesenmilch Hoch oben auf den Lesachtaler Bergh\u00e4ngen, umgeben von w\u00fcrziger Bergluft und bl\u00fchenden Naturwiesen, entsteht unsere Bio-Wiesenmilch. Zehn K\u00fche genie\u00dfen hier auf 1100 m Seeh\u00f6he frisches Gras, aromatische Bergkr\u00e4uter und reichlich Bewegung \u2013 die Basis f\u00fcr Milch von h\u00f6chster Qualit\u00e4t und vollmundigem Geschmack. Bei uns k\u00f6nnen Sie diese besondere Herkunft erleben: vom [&hellip;]<\/p>\n","protected":false},"author":3,"featured_media":0,"parent":0,"menu_order":0,"comment_status":"closed","ping_status":"closed","template":"","meta":{"site-sidebar-layout":"no-sidebar","site-content-layout":"page-builder","ast-site-content-layout":"full-width-container","site-content-style":"default","site-sidebar-style":"default","ast-global-header-display":"","ast-banner-title-visibility":"","ast-main-header-display":"","ast-hfb-above-header-display":"","ast-hfb-below-header-display":"","ast-hfb-mobile-header-display":"","site-post-title":"disabled","ast-breadcrumbs-content":"","ast-featured-img":"disabled","footer-sml-layout":"","ast-disable-related-posts":"","theme-transparent-header-meta":"","adv-header-id-meta":"","stick-header-meta":"","header-above-stick-meta":"","header-main-stick-meta":"","header-below-stick-meta":"","astra-migrate-meta-layouts":"set","ast-page-background-enabled":"default","ast-page-background-meta":{"desktop":{"background-color":"","background-image":"","background-repeat":"repeat","background-position":"center center","background-size":"auto","background-attachment":"scroll","background-type":"","background-media":"","overlay-type":"","overlay-color":"","overlay-opacity":"","overlay-gradient":""},"tablet":{"background-color":"","background-image":"","background-repeat":"repeat","background-position":"center center","background-size":"auto","background-attachment":"scroll","background-type":"","background-media":"","overlay-type":"","overlay-color":"","overlay-opacity":"","overlay-gradient":""},"mobile":{"background-color":"","background-image":"","background-repeat":"repeat","background-position":"center center","background-size":"auto","background-attachment":"scroll","background-type":"","background-media":"","overlay-type":"","overlay-color":"","overlay-opacity":"","overlay-gradient":""}},"ast-content-background-meta":{"desktop":{"background-color":"var(--ast-global-color-5)","background-image":"","background-repeat":"repeat","background-position":"center center","background-size":"auto","background-attachment":"scroll","background-type":"","background-media":"","overlay-type":"","overlay-color":"","overlay-opacity":"","overlay-gradient":""},"tablet":{"background-color":"var(--ast-global-color-5)","background-image":"","background-repeat":"repeat","background-position":"center center","background-size":"auto","background-attachment":"scroll","background-type":"","background-media":"","overlay-type":"","overlay-color":"","overlay-opacity":"","overlay-gradient":""},"mobile":{"background-color":"var(--ast-global-color-5)","background-image":"","background-repeat":"repeat","background-position":"center center","background-size":"auto","background-attachment":"scroll","background-type":"","background-media":"","overlay-type":"","overlay-color":"","overlay-opacity":"","overlay-gradient":""}},"footnotes":""},"class_list":["post-1721","page","type-page","status-publish","hentry"],"_links":{"self":[{"href":"https:\/\/ederhias.at\/kaernten\/wp-json\/wp\/v2\/pages\/1721","targetHints":{"allow":["GET"]}}],"collection":[{"href":"https:\/\/ederhias.at\/kaernten\/wp-json\/wp\/v2\/pages"}],"about":[{"href":"https:\/\/ederhias.at\/kaernten\/wp-json\/wp\/v2\/types\/page"}],"author":[{"embeddable":true,"href":"https:\/\/ederhias.at\/kaernten\/wp-json\/wp\/v2\/users\/3"}],"replies":[{"embeddable":true,"href":"https:\/\/ederhias.at\/kaernten\/wp-json\/wp\/v2\/comments?post=1721"}],"version-history":[{"count":9,"href":"https:\/\/ederhias.at\/kaernten\/wp-json\/wp\/v2\/pages\/1721\/revisions"}],"predecessor-version":[{"id":1773,"href":"https:\/\/ederhias.at\/kaernten\/wp-json\/wp\/v2\/pages\/1721\/revisions\/1773"}],"wp:attachment":[{"href":"https:\/\/ederhias.at\/kaernten\/wp-json\/wp\/v2\/media?parent=1721"}],"curies":[{"name":"wp","href":"https:\/\/api.w.org\/{rel}","templated":true}]}}